{"id":1592,"date":"2014-04-22T09:56:33","date_gmt":"2014-04-22T12:56:33","guid":{"rendered":"http:\/\/sol-inte.com.ar\/blog\/?page_id=1592"},"modified":"2017-09-22T15:58:04","modified_gmt":"2017-09-22T18:58:04","slug":"trabajando-con-solinte","status":"publish","type":"page","link":"https:\/\/solinte.net\/blog\/trabajando-con-solinte\/","title":{"rendered":"Trabajando Con Solinte"},"content":{"rendered":"<h1>Nuestras propuestas para aquellos que nos necesitan<\/h1>\n<p style=\"text-align: justify;\">Es f\u00e1cil empezar a trabajar con Solinte. Aqu\u00ed algunas de las Soluciones que tenemos para ayudarte a crecer.<\/p>\n<h1>Solinte Para Contadores<\/h1>\n<p style=\"text-align: justify;\">Aqu\u00ed algunos de los servicios distintivos que pueden ofrecer quienes trabajan con Solinte:<\/p>\n<p style=\"text-align: justify;\">1. la posibilidad de ofrecer servicios de Implementacion y Asesoramiento sobre un sistema sumamente probado y con documentaci\u00f3n completa disponible.<\/p>\n<p style=\"text-align: justify;\">2. monitoreo (por lo sincronizado o por copia completa) accediendo desde su estudio para ofrecer asesoramiento remoto sin implementar una nueva infraestructura<\/p>\n<p style=\"text-align: justify;\">3. exportaci\u00f3n-importaci\u00f3n de asientos, revisi\u00f3n y ajustes<\/p>\n<p style=\"text-align: justify;\">4. generaci\u00f3n de moldes de carga por asiento o por comprobante<\/p>\n<p style=\"text-align: justify;\">5. el sistema se adapta a cualquier l\u00f3gica de trabajo: los datos los carga el cliente, los datos los carga el estudio, o algunos datos se cargan en el estudio otros en una sucursal y otros en otra (o sea cual sea la estructura l\u00f3gica ya implementada)<\/p>\n<p style=\"text-align: justify;\">6. generaci\u00f3n autom\u00e1tica de declaraciones juradas para su presentaci\u00f3n ante Afip a partir de la informaci\u00f3n ya cargada, siempre con la versi\u00f3n y release de aplicativo correcta y actualizada<\/p>\n<p style=\"text-align: justify;\">7. \u00a1No estamos solos! El equipo de Solinte est\u00e1 compuesto tambi\u00e9n por contadores, que a su vez utilizan las herramientas de manera integral y asesoran a otros profesionales sobre su aplicaci\u00f3n, usos y migraci\u00f3n desde otros sistemas<\/p>\n<h1>Solinte Para Liquidadores<\/h1>\n<p style=\"text-align: justify;\">Solinte para Liquidadores de Sueldo.<\/p>\n<p style=\"text-align: justify;\">Hay muchos servicios de empresas que proponen una soluci\u00f3n de liquidaci\u00f3n de sueldos.<\/p>\n<p style=\"text-align: justify;\">Solinte se propone como la plataforma para todos aquellos liquidadores de cualquier rubro que quieran brindar un servicio de calidad con reportes oficiales y generaci\u00f3n de archivos para los sistemas Afip (Siap y WebSs).<\/p>\n<p style=\"text-align: justify;\">Con la ventaja distintiva de estar generando en el mismo paso y con una \u00fanica configuraci\u00f3n inicial, el Asiento de Sueldos completo para integrar directamente en la Contabilidad.<\/p>\n<h1>Para Analistas<\/h1>\n<p style=\"text-align: justify;\">Solinte permite a los profesionales en Ciencias Econ\u00f3micas brindar un servicio de an\u00e1lisis econ\u00f3mico \u2013 financiero y hacer un seguimiento presupuestario.<\/p>\n<p style=\"text-align: justify;\">Con reportes para la gesti\u00f3n personalizables y con la integraci\u00f3n directa a Solinte net que permite ofrecer tanto un servicio limitado a la implementaci\u00f3n y seteo de Par\u00e1metros de Control o uno m\u00e1s abarcativo que signifique un an\u00e1lisis profesional, un seguimiento y an\u00e1lisis en tiempo real con la informaci\u00f3n operativa volcada a los registros contables ni bien se cierra la caja.<\/p>\n<p style=\"text-align: justify;\">Adem\u00e1s permite a los encargados de la Gesti\u00f3n y Adminsitraci\u00f3n aprovechar estos reportes en su toma de decisiones de manera directa, reaccionando r\u00e1pidamente a los desv\u00edos o ajustando ante las perspectivas de manera preventiva.<\/p>\n<h1>Para Administraci\u00f3n de Consorcios<\/h1>\n<p style=\"text-align: justify;\">Solinte permite la gesti\u00f3n completa de una adminsitraci\u00f3n de consorcios, sin l\u00edmite de consorcios a adminsitrar ni unidades funcionales por cada uno.<\/p>\n<p style=\"text-align: justify;\">Para cada consorcio puede identificar y crear conceptos de cobro, para cada unidad determinar los montos por conceptos y automatizar la liquidaci\u00f3n a partir de moldes de carga flexible.<\/p>\n<p style=\"text-align: justify;\">Adem\u00e1s, dispone de un Portal por cada edificio, desde el cual los Consorcistas consultan sus cuentas corrientes, generan los cupones de pago y se comunican con la Administraci\u00f3n.<\/p>\n<h1>Solinte Para Instituciones educativas \/ deportivas<\/h1>\n<p style=\"text-align: justify;\">Le permite conformar la estructura de acuerdo a las necesidades de la instituci\u00f3n.<\/p>\n<p style=\"text-align: justify;\">A cada alumno le corresponde una cuenta corriente independiente, que conserva su saldo y movimientos a\u00fan despu\u00e9s de haber egresado.<\/p>\n<p style=\"text-align: justify;\">Puede facturar diferentes conceptos para un mismo alumno y ver los saldos por conceptos facturados y cobrados.<\/p>\n<p style=\"text-align: justify;\">Le da la posibilidad de utilizar diferentes medios de pago, como d\u00e9bito autom\u00e1tico en cuentas corrientes, pagos en supermercados, a trav\u00e9s de cajero autom\u00e1tico o por transferencias interbancarias a bajo costo para la instituci\u00f3n. Evitando as\u00ed manejar dinero en la administraci\u00f3n de la instituci\u00f3n y mejorando los \u00edndices de cobrabilidad.<\/p>\n<p style=\"text-align: justify;\">Emisi\u00f3n de cartas e informes personalizados para los padres de los alumnos.<\/p>\n<p style=\"text-align: justify;\">Vinculaci\u00f3n del sistema de alumnos con la contabilidad y los sueldos. Permitiendo obtener un balance completo, que nos permitir\u00e1 gestionar de la mejor manera. Desde un mismo lugar se podr\u00e1n facturar las cuotas de los alumnos, devengar los sueldos y registrar gastos e ingresos derivados del manejo com\u00fan de la instituci\u00f3n. Desde la caja diaria se registran todos los ingresos y egresos que se vincular\u00e1n autom\u00e1ticamente a la contabilidad, inclusive los movimientos bancarios.<\/p>\n","protected":false},"excerpt":{"rendered":"<p>Nuestras propuestas para aquellos que nos necesitan Es f\u00e1cil empezar a trabajar con Solinte. Aqu\u00ed algunas de las Soluciones que tenemos para ayudarte a crecer.&hellip;<\/p>\n","protected":false},"author":3,"featured_media":0,"parent":0,"menu_order":0,"comment_status":"closed","ping_status":"closed","template":"","meta":{"_s2mail":"yes","jetpack_post_was_ever_published":false,"footnotes":""},"class_list":["post-1592","page","type-page","status-publish","hentry"],"jetpack_shortlink":"https:\/\/wp.me\/P2Wj23-pG","jetpack_sharing_enabled":true,"jetpack-related-posts":[],"_links":{"self":[{"href":"https:\/\/solinte.net\/blog\/wp-json\/wp\/v2\/pages\/1592","targetHints":{"allow":["GET"]}}],"collection":[{"href":"https:\/\/solinte.net\/blog\/wp-json\/wp\/v2\/pages"}],"about":[{"href":"https:\/\/solinte.net\/blog\/wp-json\/wp\/v2\/types\/page"}],"author":[{"embeddable":true,"href":"https:\/\/solinte.net\/blog\/wp-json\/wp\/v2\/users\/3"}],"replies":[{"embeddable":true,"href":"https:\/\/solinte.net\/blog\/wp-json\/wp\/v2\/comments?post=1592"}],"version-history":[{"count":3,"href":"https:\/\/solinte.net\/blog\/wp-json\/wp\/v2\/pages\/1592\/revisions"}],"predecessor-version":[{"id":2068,"href":"https:\/\/solinte.net\/blog\/wp-json\/wp\/v2\/pages\/1592\/revisions\/2068"}],"wp:attachment":[{"href":"https:\/\/solinte.net\/blog\/wp-json\/wp\/v2\/media?parent=1592"}],"curies":[{"name":"wp","href":"https:\/\/api.w.org\/{rel}","templated":true}]}}